{"id":2424,"date":"2025-02-10T12:36:15","date_gmt":"2025-02-10T11:36:15","guid":{"rendered":"https:\/\/www.hisa-za-otroke.si\/?page_id=2424"},"modified":"2025-02-17T12:05:08","modified_gmt":"2025-02-17T11:05:08","slug":"celostna-graficna-podoba","status":"publish","type":"page","link":"https:\/\/www.hisa-za-otroke.si\/en\/celostna-graficna-podoba\/","title":{"rendered":"Visual Identity"},"content":{"rendered":"<p>The Children's House project included the design of a logo and a corporate visual identity (CVI). This section provides graphic elements that media and partners can use for communication and publications.<\/p>\n<p><strong>Primary logo:<\/strong><\/p>\n<p><img loading=\"lazy\" decoding=\"async\" class=\"alignnone wp-image-1331\" src=\"https:\/\/www.hisa-za-otroke.si\/wp-content\/uploads\/2022\/09\/Osnovni-logotip-Hisa-color.jpg\" alt=\"\" width=\"536\" height=\"196\" srcset=\"https:\/\/www.hisa-za-otroke.si\/wp-content\/uploads\/2022\/09\/Osnovni-logotip-Hisa-color.jpg 1192w, https:\/\/www.hisa-za-otroke.si\/wp-content\/uploads\/2022\/09\/Osnovni-logotip-Hisa-color-300x110.jpg 300w, https:\/\/www.hisa-za-otroke.si\/wp-content\/uploads\/2022\/09\/Osnovni-logotip-Hisa-color-1024x375.jpg 1024w, https:\/\/www.hisa-za-otroke.si\/wp-content\/uploads\/2022\/09\/Osnovni-logotip-Hisa-color-768x281.jpg 768w, https:\/\/www.hisa-za-otroke.si\/wp-content\/uploads\/2022\/09\/Osnovni-logotip-Hisa-color-570x208.jpg 570w\" sizes=\"auto, (max-width: 536px) 100vw, 536px\" \/><\/p>\n<p>&nbsp;<\/p>\n<p><strong>Links to files:<\/strong><\/p>\n<p><a href=\"https:\/\/www.hisa-za-otroke.si\/wp-content\/uploads\/2025\/02\/CGP-Hisa-za-otroke.pdf\" target=\"_blank\" rel=\"noopener\">Comprehensive Visual Identity Manual (pdf format)<\/a><br \/>\n<a href=\"https:\/\/www.hisa-za-otroke.si\/wp-content\/uploads\/2025\/02\/Logotipi-Hisa-za-otroke_png-format.zip\">Logo \"Hi\u0161a za otroke\" (bitmap format)<\/a><br \/>\n<a href=\"https:\/\/www.hisa-za-otroke.si\/wp-content\/uploads\/2025\/02\/Logotipi-Hisa-za-otroke_eps-format.zip\">Logo \"Hi\u0161a za otroke\" (vector format)<\/a><\/p>\n<p>&nbsp;<\/p>\n<p><em>Design of the Logo and Corporate Visual Identity: <a href=\"https:\/\/art-design.si\/oblikovanje-logotipa\/\" target=\"_blank\" rel=\"noopener\">Art Design d.o.o., Ljubljana<\/a><\/em><\/p>","protected":false},"excerpt":{"rendered":"<p>V sklopu projekta Hi\u0161a za otroke je bil oblikovan logotip in celostna grafi\u010dna podoba (cgp) projekta. Na tem mestu so na voljo grafi\u010dni elementi, ki jih lahko mediji in partnerji uporabijo pri komunikaciji in objavah. Osnovni logotip projekta: &nbsp; Povezave do datotek: Priro\u010dnik Celostne grafi\u010dne podobe projekta Hi\u0161a za otroke (pdf) Logotip Hi\u0161a za otroke [&hellip;]<\/p>\n","protected":false},"author":1,"featured_media":0,"parent":0,"menu_order":0,"comment_status":"closed","ping_status":"closed","template":"","meta":{"inline_featured_image":false,"footnotes":""},"class_list":["post-2424","page","type-page","status-publish","czr-hentry"],"_links":{"self":[{"href":"https:\/\/www.hisa-za-otroke.si\/en\/wp-json\/wp\/v2\/pages\/2424","targetHints":{"allow":["GET"]}}],"collection":[{"href":"https:\/\/www.hisa-za-otroke.si\/en\/wp-json\/wp\/v2\/pages"}],"about":[{"href":"https:\/\/www.hisa-za-otroke.si\/en\/wp-json\/wp\/v2\/types\/page"}],"author":[{"embeddable":true,"href":"https:\/\/www.hisa-za-otroke.si\/en\/wp-json\/wp\/v2\/users\/1"}],"replies":[{"embeddable":true,"href":"https:\/\/www.hisa-za-otroke.si\/en\/wp-json\/wp\/v2\/comments?post=2424"}],"version-history":[{"count":22,"href":"https:\/\/www.hisa-za-otroke.si\/en\/wp-json\/wp\/v2\/pages\/2424\/revisions"}],"predecessor-version":[{"id":2474,"href":"https:\/\/www.hisa-za-otroke.si\/en\/wp-json\/wp\/v2\/pages\/2424\/revisions\/2474"}],"wp:attachment":[{"href":"https:\/\/www.hisa-za-otroke.si\/en\/wp-json\/wp\/v2\/media?parent=2424"}],"curies":[{"name":"wp","href":"https:\/\/api.w.org\/{rel}","templated":true}]}}