{"id":2492,"date":"2025-05-22T12:42:34","date_gmt":"2025-05-22T10:42:34","guid":{"rendered":"https:\/\/www.hisa-za-otroke.si\/?page_id=2492"},"modified":"2025-05-22T12:59:09","modified_gmt":"2025-05-22T10:59:09","slug":"izjava-o-dostopnosti-2","status":"publish","type":"page","link":"https:\/\/www.hisa-za-otroke.si\/en\/izjava-o-dostopnosti-2\/","title":{"rendered":"Izjava o dostopnosti"},"content":{"rendered":"<p>Javni zavod Hi\u0161a za otroke se zavezuje, da bo vsem uporabnikom omogo\u010dal dostopnost do svoje spletne strani v skladu z Zakonom o dostopnosti spleti\u0161\u010d in mobilnih aplikacij<a href=\"#_ftn1\" name=\"_ftnref1\"><sup>[1]<\/sup><\/a>.<\/p>\n<p><strong><br \/>\nIZJAVA O DOSTOPNOSTI<\/strong><\/p>\n<p>Ta izjava o dostopnosti se nana\u0161a na spletno stran Javnega zavoda Hi\u0161a za otroke <a href=\"https:\/\/www.hisa-za-otroke.si\/\"><strong>https:\/\/www.hisa-za-otroke.si\/<\/strong><\/a> .<\/p>\n<p>Za zagotavljanje zahtev glede dostopnosti so bile sistemsko zagotovljene nekatere prilagoditve, kot so:<\/p>\n<ul>\n<li>odzivno oblikovanje (prilagajanje postavitve vsebine lo\u010dljivosti zaslona),<\/li>\n<li>navigacija s tipkovnico (prilagoditev za uporabnike, ki ne morejo uporabljati mi\u0161ke),<\/li>\n<li>predvidljivo delovanje spletnega mesta,<\/li>\n<li>omogo\u010dena je uporaba razli\u010dnih ravni naslovov.<\/li>\n<\/ul>\n<p><strong><br \/>\nSTOPNJA SKLADNOSTI<\/strong><\/p>\n<p>Spletno mesto <a href=\"https:\/\/www.hisa-za-otroke.si\/\">https:\/\/www.hisa-za-otroke.si\/<\/a> je delno skladno z\u00a0<a href=\"http:\/\/www.pisrs.si\/Pis.web\/pregledPredpisa?id=ZAKO7718\" target=\"_blank\" rel=\"noopener\">Zakonom o dostopnosti spleti\u0161\u010d in mobilnih aplikacij<\/a>\u00a0zaradi spodaj navedenih izjem.<\/p>\n<p><strong><br \/>\nNEDOSTOPNA OZIROMA MANJ DOSTOPNA VSEBINA<\/strong><\/p>\n<p>Dostopnost spletnega mesta Javnega zavoda Hi\u0161a za otroke spremljamo in sproti izbolj\u0161ujemo posamezne elemente dostopnosti. Kljub temu nekatere objavljene vsebine ne izpolnjujejo vseh zakonskih zahtev glede dostopnosti.<\/p>\n<p>Primeri takih vsebin so:<\/p>\n<ul>\n<li>skenirani dokumenti v PDF obliki zapisa;<\/li>\n<li>vsebine, namenjene zaposlenim;<\/li>\n<li>del besedila v nogi spletne strani in na nekaterih pasicah ima slab\u0161e kontrastno razmerje.<\/li>\n<\/ul>\n<p>Morebitne prilagoditve bi predstavljale nesorazmerno breme, saj so dokumenti namenjeni ozki ciljni javnosti. V prihodnje bomo ob uvajanju ve\u010djih sprememb informacijskega sistema skrbeli, da bomo te v \u010dim ve\u010dji meri prilagajali tudi ranljivim skupinam. Prav tako bomo ob ve\u010dji prenovi informacijskega sistema dodatno pove\u010dali kontrastno razmerje v nogi spletne strani in na naslovnih pasicah.<\/p>\n<p><strong><br \/>\nPRIPRAVA IZJAVE O DOSTOPNOSTI<\/strong><\/p>\n<p>Ta izjava je bila pripravljena 20. maja 2025 na podlagi samoocene.<\/p>\n<p><strong><br \/>\nPOVRATNE IN KONTAKTNE INFORMACIJE<\/strong><\/p>\n<p>Zaradi posodobitev vsebin lahko obiskovalci pri brskanju po spletnem mestu <a href=\"https:\/\/www.hisa-za-otroke.si\/\">https:\/\/www.hisa-za-otroke.si\/<\/a> kljub prizadevanjem, da bi bile spletne vsebine \u010dim bolj dostopne in uporabnikom prijazne, naletijo na te\u017eave z dostopnostjo.<\/p>\n<p>Obvestilo o morebitnih primerih neskladnosti objav z dolo\u010dili Zakona o dostopnosti spleti\u0161\u010d in mobilnih aplikacij in zahteve po posredovanju informacij v dostopni obliki lahko po\u0161ljete po navadni ali elektronski po\u0161ti na naslov Javnega zavoda Hi\u0161a za otroke. V svojem sporo\u010dilu navedite:<\/p>\n<ul>\n<li>naravo va\u0161e te\u017eave z dostopnostjo,<\/li>\n<li>\u017eeleno obliko, v kateri \u017eelite prejeti informacije, in<\/li>\n<li>svoje kontaktne podatke.<\/li>\n<\/ul>\n<p>Vse informacije lahko uporabniki dobijo na elektronskem naslovu\u00a0<a href=\"mailto:gp@hisa-za-otroke.si\"><em>gp@hisa-za-otroke.si<\/em><\/a><em> <strong>.<br \/>\n<\/strong><\/em><\/p>\n<p><strong>Javni zavod Hi\u0161a za otroke<br \/>\n<\/strong><strong>Zalo\u0161ka cesta 59<br \/>\n<\/strong><strong>1000 Ljubljana<\/strong><\/p>\n<p>Odgovor boste prejeli v roku osmih dni od prejema obvestila oziroma pro\u0161nje. \u010ce v tem roku ne bomo mogli podati ustreznega odgovora, vam bomo sporo\u010dili, kdaj bo odgovor podan in razloge za zakasnitev odgovora.<\/p>\n<p><strong><br \/>\nIZVR\u0160ILNI POSTOPEK<\/strong><\/p>\n<p>V primeru nezadovoljivih odgovorov na katero koli obvestilo ali zahtevo, poslano v skladu z 8. \u010dlenom Zakona o dostopnosti spleti\u0161\u010d in mobilnih aplikacij, lahko oddate prijavo na:<\/p>\n<p><a href=\"https:\/\/www.gov.si\/drzavni-organi\/organi-v-sestavi\/inspektorat-za-informacijsko-druzbo\/\" target=\"_blank\" rel=\"noopener\">In\u0161pektorat Republike Slovenije za informacijsko dru\u017ebo<\/a><br \/>\nDav\u010dna ulica 1<br \/>\n1000 Ljubljana<\/p>\n<p>T:\u00a0<a href=\"tel:+38615555848\">01 555 58 48<\/a><br \/>\nE:\u00a0<a href=\"mailto:gp.irsid@gov.si\">gp.irsid@gov.si<\/a><\/p>\n<p>&nbsp;<\/p>\n<p><a href=\"#_ftnref1\" name=\"_ftn1\">[1]<\/a> Uradni list RS, \u0161t. 30\/18, 95\/21 \u2013 ZInfV-A, 189\/21 \u2013 ZDU-1M in 18\/23 \u2013 ZDU-1O<\/p>\n","protected":false},"excerpt":{"rendered":"<p>Javni zavod Hi\u0161a za otroke se zavezuje, da bo vsem uporabnikom omogo\u010dal dostopnost do svoje spletne strani v skladu z Zakonom o dostopnosti spleti\u0161\u010d in mobilnih aplikacij[1]. IZJAVA O DOSTOPNOSTI Ta izjava o dostopnosti se nana\u0161a na spletno stran Javnega zavoda Hi\u0161a za otroke https:\/\/www.hisa-za-otroke.si\/ . Za zagotavljanje zahtev glede dostopnosti so bile sistemsko zagotovljene [&hellip;]<\/p>\n","protected":false},"author":1,"featured_media":0,"parent":0,"menu_order":0,"comment_status":"closed","ping_status":"closed","template":"","meta":{"inline_featured_image":false,"footnotes":""},"class_list":["post-2492","page","type-page","status-publish","czr-hentry"],"_links":{"self":[{"href":"https:\/\/www.hisa-za-otroke.si\/en\/wp-json\/wp\/v2\/pages\/2492","targetHints":{"allow":["GET"]}}],"collection":[{"href":"https:\/\/www.hisa-za-otroke.si\/en\/wp-json\/wp\/v2\/pages"}],"about":[{"href":"https:\/\/www.hisa-za-otroke.si\/en\/wp-json\/wp\/v2\/types\/page"}],"author":[{"embeddable":true,"href":"https:\/\/www.hisa-za-otroke.si\/en\/wp-json\/wp\/v2\/users\/1"}],"replies":[{"embeddable":true,"href":"https:\/\/www.hisa-za-otroke.si\/en\/wp-json\/wp\/v2\/comments?post=2492"}],"version-history":[{"count":8,"href":"https:\/\/www.hisa-za-otroke.si\/en\/wp-json\/wp\/v2\/pages\/2492\/revisions"}],"predecessor-version":[{"id":2506,"href":"https:\/\/www.hisa-za-otroke.si\/en\/wp-json\/wp\/v2\/pages\/2492\/revisions\/2506"}],"wp:attachment":[{"href":"https:\/\/www.hisa-za-otroke.si\/en\/wp-json\/wp\/v2\/media?parent=2492"}],"curies":[{"name":"wp","href":"https:\/\/api.w.org\/{rel}","templated":true}]}}