{"id":2494,"date":"2025-05-22T12:42:35","date_gmt":"2025-05-22T10:42:35","guid":{"rendered":"https:\/\/www.hisa-za-otroke.si\/?page_id=2494"},"modified":"2026-03-05T17:29:17","modified_gmt":"2026-03-05T16:29:17","slug":"katalog-informacij-javnega-znacaja","status":"publish","type":"page","link":"https:\/\/www.hisa-za-otroke.si\/en\/katalog-informacij-javnega-znacaja\/","title":{"rendered":"Katalog informacij javnega zna\u010daja Javni zavod Hi\u0161a za otroke"},"content":{"rendered":"<h2><span style=\"color: #003300; font-size: 32px;\"><strong>1. Osnovni podatki o katalogu<\/strong><\/span><\/h2>\n<p>Naziv javnega zavoda: Javni zavod Hi\u0161a za otroke, Zalo\u0161ka cesta 59, 1000 Ljubljana<\/p>\n<p>Kraj\u0161e ime: Hi\u0161a za otroke<\/p>\n<p>Ustanovitelj: Republika Slovenija<\/p>\n<p>Pravnoorganizacijska oblika: Javni zavod<\/p>\n<p>Telefon: 01 555 01 80<\/p>\n<p>Elektronski naslov: <a href=\"mailto:gp@hisa-za-otroke.si\">gp@hisa-za-otroke.si<\/a><\/p>\n<p>Spletni naslov: <a href=\"https:\/\/www.hisa-za-otroke.si\/en\/\">https:\/\/www.hisa-za-otroke.si\/<\/a><\/p>\n<p>Mati\u010dna \u0161tevilka: 9022635000<\/p>\n<p>Identifikacijska \u0161tevilka: SI20581904<\/p>\n<p>\u0160tevilka prora\u010dunskega uporabnika: 19542<\/p>\n<p>Odgovorna uradna oseba: Ana \u0160utar, direktorica<\/p>\n<p>Datum sprejema kataloga: 13. 6. 2025<\/p>\n<p>Datum zadnje spremembe:<\/p>\n<p>Katalog je dostopen na spletnem naslovu: <a href=\"https:\/\/www.hisa-za-otroke.si\/en\/katalog-informacij-javnega-znacaja\/\">https:\/\/www.hisa-za-otroke.si\/katalog-informacij-javnega-znacaja\/<\/a><\/p>\n<p>Druge oblike kataloga: Katalog informacij javnega zna\u010daja je dostopen na zgornji povezavi.<\/p>\n<p>&nbsp;<\/p>\n<h2><span style=\"color: #003300; font-size: 32px;\"><strong>2. Splo\u0161ni podatki o zavodu in informacijah javnega zna\u010daja s katerimi razpolaga<\/strong><strong>\u00a0<\/strong><\/span><\/h2>\n<h3><span style=\"color: #003300; font-size: 28px;\"><strong>2.a Podatki o organizaciji zavoda<\/strong><\/span><\/h3>\n<p>Javni zavod Hi\u0161a za otroke je bil ustanovljen leta 2021 za namen izvajanja javne slu\u017ebe celostne obravnave mladoletnih o\u0161kodovancev in pri\u010d v predkazenskem in kazenskem postopku. Delovanje Javnega zavoda Hi\u0161a za otroke, s sede\u017eem na naslovu Zalo\u0161ka cesta 59, 1000 Ljubljana, ureja Zakona o za\u0161\u010diti otrok v kazenskem postopku in njihovi celostni obravnavi v Hi\u0161i za otroke (v nadaljevanju: ZZOKPOHO). Javni zavod deluje po modelu Barnahus, ki je vodilni evropski model za obravnavo otrok, \u017ertev spolnih zlorab in zdru\u017euje vse pomembne dejavnosti kazenskega procesa pod eno streho ter s tem prepre\u010duje vnovi\u010dno viktimizacijo otrok. Javna slu\u017eba celostne obravnave se zagotavlja s prostorskimi, organizacijskimi, tehni\u010dnimi in metodolo\u0161kimi ukrepi v zvezi z zasli\u0161anjem in telesnim pregledom otroka ter z izvajanjem krizne podpore in psihosocialne pomo\u010di.<\/p>\n<p>Javni zavod zagotavlja tudi redna usposabljanja strokovnjakov za pomo\u010d pri zasli\u0161anju otrok ter svetovalcev za izvajanje krizne podpore in psihosocialne pomo\u010di otrokom in njihovim dru\u017einskim \u010dlanom. Prav tako zagotavlja multidisciplinarna in medinstitucionalna usposabljanja ter izvaja ozave\u0161\u010danja strokovnjakov razli\u010dnih podro\u010dij, ki se ukvarjajo z otroki, in splo\u0161ne javnosti o dejavnosti zavoda ter ustrezni obravnavi otrok, ki so o\u0161kodovanci ali pri\u010de kaznivih dejanj.<\/p>\n<p>&nbsp;<\/p>\n<h4><span style=\"color: #003300; font-size: 24px;\"><strong>I. Podatki o organih javnega zavoda<\/strong><\/span><\/h4>\n<p><strong>Direktorica<\/strong>: \u00a0Ana \u0160utar<\/p>\n<p><strong>Svet\u00a0Javnega zavoda Hi\u0161a za otroke:<\/strong><\/p>\n<p>Predsednik Sveta zavoda: mag. Andrej Del Fabro<\/p>\n<p>Podpredsednica Sveta zavoda: Sabina Klane\u010dek<\/p>\n<p>\u010clanica: Tanja Mate<\/p>\n<p>\u010clanica: Petra Bizjak Puhar<\/p>\n<p>\u010clan: Robert Tekavec<\/p>\n<p>\u010clanica: Polona Kova\u010d Javh<\/p>\n<p><strong>Strokovni svet:<\/strong><\/p>\n<p>Predsednik: Zoran Stanki\u0107 Rupnik<\/p>\n<p>Podpredsednica: Marjeta \u0160vab \u0160irok; namestnica: Maja Ba\u0161kovi\u010d<\/p>\n<p>\u010clanica: Barbara Jenkole \u017digante; namestnica \u010dlanice: Mirjam Kline<\/p>\n<p>\u010clanica: dr. Bernarda Dobnik Renko<\/p>\n<p>\u010clanica: Maja Plaz<\/p>\n<p>\u010clanica: Tatjana Milavec<\/p>\n<p>\u010clan: Vinko Stojn\u0161ek<\/p>\n<p>&nbsp;<\/p>\n<h4><span style=\"color: #003300; font-size: 24px;\"><strong>II. Seznam vseh notranjih organizacijskih enot<\/strong><\/span><\/h4>\n<p>Javni zavod Hi\u0161a za otroke nima notranjih organizacijskih enot.<\/p>\n<p>&nbsp;<\/p>\n<h3><span style=\"color: #003300; font-size: 28px;\"><strong>2.b Kontaktni podatki uradne osebe (oseb), pristojnih za posredovanje informacij<\/strong><\/span><\/h3>\n<p>Pristojna oseba: Ur\u0161a Kova\u010d, uni.dipl.pravnik<\/p>\n<p>E-naslov:\u00a0<a href=\"mailto:ursa.kovac@hisa-za-otroke.si\">ursa.kovac@hisa-za-otroke.si<\/a><\/p>\n<p>T: 01 555 01 86<\/p>\n<p>&nbsp;<\/p>\n<h3><span style=\"color: #003300; font-size: 28px;\"><strong>2.c <b>Poobla\u0161\u010dena oseba za varstvo osebnih podatkov<\/b><\/strong><\/span><\/h3>\n<p>V skladu z dolo\u010dilom 37. \u010dlena Uredbe EU 2016\/679 Evropskega parlamenta in sveta z dne 27. aprila 2016 smo za poobla\u0161\u010deno osebo za varstvo podatkov imenovali dru\u017ebo:<\/p>\n<p>DATAINFO.SI, d.o.o.<br \/>\nTr\u017ea\u0161ka cesta 85, SI-2000 Maribor<br \/>\n<a href=\"https:\/\/datainfo.si\/\" target=\"_blank\" rel=\"noopener\">www.datainfo.si<\/a><br \/>\ne-po\u0161ta: <a href=\"mailto:dpo@datainfo.si\">dpo@datainfo.si<\/a><br \/>\ntelefon: +386 (0) 2 620 4 300<\/p>\n<p>&nbsp;<\/p>\n<h3><span style=\"color: #003300; font-size: 28px;\"><strong>2.d Zakonske in druge pravne podlage, ki dolo\u010dajo in pojasnjujejo delovno podro\u010dje Javnega zavoda Hi\u0161a za otroke<\/strong><\/span><\/h3>\n<ul>\n<li><a href=\"https:\/\/pisrs.si\/pregledPredpisa?id=ZAKO8216\" target=\"_blank\" rel=\"noopener\">Zakon o za\u0161\u010diti otrok v kazenskem postopku in njihovi celosti obravnavi v hi\u0161i za otroke (ZZOKPOHO)<\/a><\/li>\n<li><a href=\"https:\/\/pisrs.si\/pregledPredpisa?id=SKLE12422\" target=\"_blank\" rel=\"noopener\">Sklep o ustanovitvi Javnega zavoda Hi\u0161a za otroke<\/a><\/li>\n<li><a href=\"https:\/\/www.hisa-za-otroke.si\/wp-content\/uploads\/2025\/06\/JZHzO_STATUT.pdf\">Statut Javnega zavoda Hi\u0161a za otroke<\/a><\/li>\n<li><a href=\"https:\/\/pisrs.si\/pregledPredpisa?id=PRAV14380\" target=\"_blank\" rel=\"noopener\">Pravilnik o usposabljanju in preverjanju usposobljenosti strokovnjakov in svetovalcev v hi\u0161i za otroke<\/a><\/li>\n<li><a href=\"https:\/\/www.uradni-list.si\/glasilo-uradni-list-rs\/vsebina\/2013-02-0058\" target=\"_blank\" rel=\"noopener\">Konvencija Sveta Evrope o za\u0161\u010diti otrok pred spolnim izkori\u0161\u010danjem in spolno zlorabo (Lanzarotska konvencija)<\/a><\/li>\n<\/ul>\n<p><strong>Dr\u017eavni predpisi <\/strong><\/p>\n<p>Zakoni<\/p>\n<ul>\n<li><a href=\"http:\/\/pisrs.si\/Pis.web\/pregledPredpisa?id=ZAKO10\" target=\"_blank\" rel=\"noopener\">Zakon o zavodih (ZZ)<\/a><\/li>\n<li><a href=\"http:\/\/www.pisrs.si\/Pis.web\/pregledPredpisa?id=ZAKO1227\" target=\"_blank\" rel=\"noopener\">Zakon o javnih financah (ZJF)<\/a><\/li>\n<li><a href=\"http:\/\/pisrs.si\/Pis.web\/pregledPredpisa?id=ZAKO1597\" target=\"_blank\" rel=\"noopener\">Zakon o ra\u010dunovodstvu (ZR)<\/a><\/li>\n<li><a href=\"http:\/\/pisrs.si\/Pis.web\/pregledPredpisa?id=ZAKO4701\" target=\"_blank\" rel=\"noopener\">Zakon o davku na dodano vrednost (ZDDV-1)<\/a><\/li>\n<li><a href=\"http:\/\/pisrs.si\/Pis.web\/pregledPredpisa?id=ZAKO4687\" target=\"_blank\" rel=\"noopener\">Zakon o davku od dohodkov pravnih oseb (ZDDPO-2)<\/a><\/li>\n<li><a href=\"http:\/\/www.pisrs.si\/Pis.web\/pregledPredpisa?id=ZAKO1263\" target=\"_blank\" rel=\"noopener\">Obligacijski zakonik (OZ)<\/a><\/li>\n<li><a href=\"http:\/\/pisrs.si\/Pis.web\/pregledPredpisa?id=ZAKO7086\" target=\"_blank\" rel=\"noopener\">Zakon o javnem naro\u010danju (ZJN-3)<\/a><\/li>\n<li><a href=\"http:\/\/pisrs.si\/Pis.web\/pregledPredpisa?id=ZAKO5975\" target=\"_blank\" rel=\"noopener\">Zakon o pravnem varstvu v postopkih javnega naro\u010danja (ZPVPJN)<\/a><\/li>\n<li><a href=\"http:\/\/pisrs.si\/Pis.web\/pregledPredpisa?id=ZAKO5523\" target=\"_blank\" rel=\"noopener\">Zakon o integriteti in prepre\u010devanju korupcije (ZIntPK)<\/a><\/li>\n<li><a href=\"http:\/\/pisrs.si\/Pis.web\/pregledPredpisa?id=ZAKO6388\" target=\"_blank\" rel=\"noopener\">Zakon za uravnote\u017eenje javnih financ (ZUJF)<\/a><\/li>\n<li><a href=\"http:\/\/pisrs.si\/Pis.web\/pregledPredpisa?id=ZAKO5944\" target=\"_blank\" rel=\"noopener\">Zakon o delovnih razmerjih (ZDR-1)<\/a><\/li>\n<li><a href=\"http:\/\/pisrs.si\/Pis.web\/pregledPredpisa?id=ZAKO5537\" target=\"_blank\" rel=\"noopener\">Zakon o varnosti in zdravju pri delu (ZVZD-1)<\/a><\/li>\n<li><a href=\"http:\/\/pisrs.si\/Pis.web\/pregledPredpisa?id=ZAKO4400\" target=\"_blank\" rel=\"noopener\">Zakon o evidencah na podro\u010dju dela in socialne varnosti (ZEPDSV)<\/a><\/li>\n<li><a href=\"http:\/\/pisrs.si\/Pis.web\/pregledPredpisa?id=ZAKO984\" target=\"_blank\" rel=\"noopener\">Zakon o prispevkih za socialno varnost (ZPSV)<\/a><\/li>\n<li><a href=\"http:\/\/pisrs.si\/Pis.web\/pregledPredpisa?id=ZAKO6280\" target=\"_blank\" rel=\"noopener\">Zakon o pokojninskem in invalidskem zavarovanju (ZPIZ-2)<\/a><\/li>\n<li><a href=\"http:\/\/pisrs.si\/Pis.web\/pregledPredpisa?id=ZAKO3177\" target=\"_blank\" rel=\"noopener\">Zakon o javnih uslu\u017ebencih (ZJU)<\/a><\/li>\n<li><a href=\"http:\/\/pisrs.si\/Pis.web\/pregledPredpisa?id=ZAKO5840\" target=\"_blank\" rel=\"noopener\">Zakon o urejanju trga dela (ZUTD)<\/a><\/li>\n<li><a href=\"http:\/\/pisrs.si\/Pis.web\/pregledPredpisa?id=ZAKO3328\" target=\"_blank\" rel=\"noopener\">Zakon o sistemu pla\u010d v javnem sektorju (ZSPJS)<\/a><u>\u00a0 <\/u><\/li>\n<li><a href=\"http:\/\/pisrs.si\/Pis.web\/pregledPredpisa?id=ZAKO213\" target=\"_blank\" rel=\"noopener\">Zakon o zdravstvenem varstvu in zdravstvenem zavarovanju (ZZVZZ)<\/a><\/li>\n<li><a href=\"http:\/\/pisrs.si\/Pis.web\/pregledPredpisa?id=ZAKO3336\" target=\"_blank\" rel=\"noopener\">Zakon o dostopu do informacij javnega zna\u010daja (ZDIJZ)<\/a><\/li>\n<li><a href=\"http:\/\/pisrs.si\/Pis.web\/pregledPredpisa?id=ZAKO4284\" target=\"_blank\" rel=\"noopener\">Zakon o varstvu dokumentarnega in arhivskega gradiva ter arhivih (ZVDAGA)<\/a><\/li>\n<li><u><a href=\"https:\/\/pisrs.si\/pregledPredpisa?id=ZAKO7959\" target=\"_blank\" rel=\"noopener\">Zakon o varstvu osebnih podatkov (ZVOP-2)<\/a><\/u><\/li>\n<li><a href=\"http:\/\/pisrs.si\/Pis.web\/pregledPredpisa?id=ZAKO7148\" target=\"_blank\" rel=\"noopener\">Zakon o stvarnem premo\u017eenju dr\u017eave in samoupravnih lokalnih skupnosti (ZSPDSLS-1)<\/a><\/li>\n<li><a href=\"https:\/\/pisrs.si\/pregledPredpisa?id=ZAKO9105\" target=\"_blank\" rel=\"noopener\">Zakon o izvr\u0161evanju prora\u010dunov Republike Slovenije za leti 2025 in 2026 (ZIPRS2526)<\/a><\/li>\n<li><a href=\"https:\/\/pisrs.si\/pregledNpb?idPredpisa=ZAKO8826&amp;idPredpisaChng=ZAKO8826\" target=\"_blank\" rel=\"noopener\">Zakon o skupnih temeljih sistema pla\u010d v javnem sektorju (ZSTSPJS)<strong>\u00a0<\/strong><\/a><\/li>\n<\/ul>\n<p>Uredbe<\/p>\n<ul>\n<li><a href=\"https:\/\/pisrs.si\/pregledPredpisa?id=URED9243\" target=\"_blank\" rel=\"noopener\">Uredba o uvrstitvi delovnih mest v javnih agencijah, javnih skladih in javnih zavodih v pla\u010dne razrede<\/a><\/li>\n<li><a href=\"http:\/\/pisrs.si\/Pis.web\/pregledPredpisa?id=URED4797\" target=\"_blank\" rel=\"noopener\">Uredba o napredovanju javnih uslu\u017ebencev v pla\u010dne razrede<\/a><\/li>\n<li><a href=\"https:\/\/pisrs.si\/pregledPredpisa?id=URED9259\" target=\"_blank\" rel=\"noopener\">Uredba o delu pla\u010de za delovno uspe\u0161nost iz naslova prodaje blaga in storitev na trgu<\/a><\/li>\n<li><a href=\"https:\/\/pisrs.si\/pregledPredpisa?id=URED9290\" target=\"_blank\" rel=\"noopener\">Uredba o enotni metodologiji in obrazcih za obra\u010dun in izpla\u010dilo pla\u010d v javnem sektorju<\/a><\/li>\n<li><a href=\"http:\/\/pisrs.si\/Pis.web\/pregledPredpisa?id=URED4781\" target=\"_blank\" rel=\"noopener\">Uredba o delovni uspe\u0161nosti iz naslova pove\u010danega obsega dela za javne uslu\u017ebence<\/a><\/li>\n<li><a href=\"http:\/\/pisrs.si\/Pis.web\/pregledPredpisa?id=URED6619\" target=\"_blank\" rel=\"noopener\">Uredba o varstvu dokumentarnega in arhivskega gradiva<\/a><\/li>\n<li><a href=\"http:\/\/www.pisrs.si\/Pis.web\/pregledPredpisa?id=URED6941\" target=\"_blank\" rel=\"noopener\">Uredba o posredovanju in ponovni uporabi informacij javnega zna\u010daja<\/a><\/li>\n<li><a href=\"http:\/\/www.pisrs.si\/Pis.web\/pregledPredpisa?id=URED7710\" target=\"_blank\" rel=\"noopener\">Uredba o stvarnem premo\u017eenju dr\u017eave in samoupravnih lokalnih skupnosti<\/a><\/li>\n<li><a href=\"http:\/\/www.pisrs.si\/Pis.web\/pregledPredpisa?id=URED5312\" target=\"_blank\" rel=\"noopener\">Uredba o dokumentih razvojnega na\u010drtovanja in postopkih za pripravo predloga dr\u017eavnega prora\u010duna<\/a><\/li>\n<li><a href=\"http:\/\/www.pisrs.si\/Pis.web\/pregledPredpisa?id=URED3708\" target=\"_blank\" rel=\"noopener\">Uredba o enotni metodologiji za pripravo in obravnavo investicijske dokumentacije na podro\u010dju javnih financ<\/a><\/li>\n<li><a href=\"http:\/\/www.pisrs.si\/Pis.web\/pregledPredpisa?id=URED5050\" target=\"_blank\" rel=\"noopener\">Uredba o sejninah in povra\u010dilih stro\u0161kov v javnih skladih, javnih agencijah, javnih zavodih in javnih gospodarskih zavodih<\/a><\/li>\n<li><a href=\"https:\/\/pisrs.si\/pregledPredpisa?id=URED9246\" target=\"_blank\" rel=\"noopener\">Uredba o pla\u010dah javnih uslu\u017ebencev pla\u010dne skupine B<\/a><\/li>\n<li><a href=\"https:\/\/pisrs.si\/pregledPredpisa?id=URED8371\" target=\"_blank\" rel=\"noopener\">Uredba o na\u010dinu sodelovanja med Javnim zavodom Hi\u0161a za otroke in drugimi udele\u017eenci pri zagotavljanju celostne obravnave v hi\u0161i za otroke<\/a><\/li>\n<li><a href=\"https:\/\/pisrs.si\/pregledPredpisa?id=URED9393\" target=\"_blank\" rel=\"noopener\">Uredba o povra\u010dilu stro\u0161kov za slu\u017ebena potovanja v tujino<\/a><\/li>\n<li><a href=\"https:\/\/pisrs.si\/pregledPredpisa?id=URED9609\" target=\"_blank\" rel=\"noopener\">Uredba o kriterijih za dolo\u010ditev delovne uspe\u0161nosti javnih uslu\u017ebencev v javnih agencijah, javnih skladih in javnih zavodih<\/a><\/li>\n<\/ul>\n<p>Pravilniki<\/p>\n<ul>\n<li><u><a href=\"https:\/\/pisrs.si\/pregledPredpisa?id=PRAV15666\" target=\"_blank\" rel=\"noopener\">Pravilnik o metodologiji za posredovanje in analizo podatkov o pla\u010dah, drugih izpla\u010dilih in \u0161tevilu zaposlenih v javnem sektorju<\/a><\/u><\/li>\n<li><a href=\"https:\/\/pisrs.si\/pregledPredpisa?id=PRAV14985\" target=\"_blank\" rel=\"noopener\">Pravilnik o merilih za ugotavljanje delovne uspe\u0161nosti direktorjev Javnega zavoda Hi\u0161a za otroke in \u0160tudijskega centra za narodno spravo<\/a><\/li>\n<li><u><a href=\"https:\/\/pisrs.si\/pregledPredpisa?id=PRAV15219\" target=\"_blank\" rel=\"noopener\">Pravilnik o sestavljanju letnih poro\u010dil za prora\u010dun, prora\u010dunske uporabnike in druge osebe javnega prava<\/a><\/u><\/li>\n<li><u><a href=\"https:\/\/pisrs.si\/pregledPredpisa?id=PRAV15218\" target=\"_blank\" rel=\"noopener\">Pravilnik o raz\u010dlenjevanju in merjenju prihodkov in odhodkov pravnih oseb javnega prava<\/a><\/u><\/li>\n<\/ul>\n<p>Standardi<\/p>\n<ul>\n<li><a href=\"http:\/\/www.pisrs.si\/Pis.web\/pregledPredpisa?id=DRUG4192\" target=\"_blank\" rel=\"noopener\">Slovenski ra\u010dunovodski standardi<\/a><\/li>\n<\/ul>\n<p>Kolektivne pogodbe<\/p>\n<ul>\n<li><a href=\"http:\/\/www.pisrs.si\/Pis.web\/pregledPredpisa?id=KOLP11\" target=\"_blank\" rel=\"noopener\">Kolektivna pogodba za negospodarske dejavnosti v Republiki Sloveniji<\/a><\/li>\n<li><a href=\"http:\/\/www.pisrs.si\/Pis.web\/pregledPredpisa?id=KOLP234\" target=\"_blank\" rel=\"noopener\">Kolektivna pogodba za javni sektor (KPJS)<\/a><\/li>\n<li><a href=\"https:\/\/pisrs.si\/pregledPredpisa?id=KOLP78\" target=\"_blank\" rel=\"noopener\">Kolektivna pogodba za dejavnost zdravstva in socialnega varstva<\/a><\/li>\n<li><u><a href=\"https:\/\/pisrs.si\/pregledPredpisa?id=KOLP692\" target=\"_blank\" rel=\"noopener\">Aneks h Kolektivni pogodbi za dejavnost zdravstva in socialnega varstva<\/a><\/u><\/li>\n<\/ul>\n<p>Kodeksi<\/p>\n<ul>\n<li><a href=\"http:\/\/www.pisrs.si\/Pis.web\/pregledPredpisa?id=DRUG1022\" target=\"_blank\" rel=\"noopener\">Kodeks ravnanja javnih uslu\u017ebencev<\/a><\/li>\n<\/ul>\n<p>&nbsp;<\/p>\n<h3><span style=\"color: #003300; font-size: 28px;\"><strong>2.e Seznam predlogov predpisov (preko dr\u017eavnega oziroma lokalnega registra predpisov)<\/strong><\/span><\/h3>\n<p>Javni zavod ni predlagatelj predpisov.<\/p>\n<p>&nbsp;<\/p>\n<h3><span style=\"color: #003300; font-size: 28px;\"><strong>2.f Seznam strate\u0161kih in programskih dokumentov po vsebinskih sklopih<\/strong><\/span><\/h3>\n<p><strong>Seznam dokumentov\u00a0<\/strong><\/p>\n<p>Leto 2022:<\/p>\n<ul>\n<li><a href=\"https:\/\/www.hisa-za-otroke.si\/wp-content\/uploads\/2026\/03\/Letno-porocilo-2022.pdf\">Letno poro\u010dilo Javnega zavoda Hi\u0161a za otroke za leto 2022 z vklju\u010denim ra\u010dunovodskim poro\u010dilom za leto 2021<\/a><\/li>\n<\/ul>\n<p>Leto 2023:<\/p>\n<ul>\n<li><a href=\"https:\/\/www.hisa-za-otroke.si\/wp-content\/uploads\/2026\/03\/Program-dela-2023.pdf\">Program dela, finan\u010dni in kadrovski na\u010drt za leto 2023<\/a><\/li>\n<li><a href=\"https:\/\/www.hisa-za-otroke.si\/wp-content\/uploads\/2026\/03\/Letno-porocilo-2023.pdf\">Letno poro\u010dilo Javnega zavoda Hi\u0161a za otroke za leto 2023<\/a><\/li>\n<\/ul>\n<p>Leto 2024:<\/p>\n<ul>\n<li><a href=\"https:\/\/www.hisa-za-otroke.si\/wp-content\/uploads\/2026\/03\/Program-dela-2024.pdf\">Program dela, finan\u010dni in kadrovski na\u010drt za leto 2024<\/a><\/li>\n<li><a href=\"https:\/\/www.hisa-za-otroke.si\/wp-content\/uploads\/2026\/03\/Letno-porocilo-2024.pdf\">Poro\u010dilo o delu Javnega zavoda Hi\u0161a za otroke za leto 2024 in zaklju\u010dni ra\u010dun za leto 2024<\/a><\/li>\n<\/ul>\n<p>Leto 2025:<\/p>\n<ul>\n<li><a href=\"https:\/\/www.hisa-za-otroke.si\/wp-content\/uploads\/2026\/03\/Program-dela-2025.pdf\">Program dela, finan\u010dni in kadrovski na\u010drt za leto 2025<\/a><\/li>\n<li><a href=\"https:\/\/www.hisa-za-otroke.si\/wp-content\/uploads\/2026\/03\/Spremembe-programa-dela-2025.pdf\">Spremembe programa dela, finan\u010dnega in kadrovskega na\u010drta za leto 2025<\/a><\/li>\n<li>Poro\u010dilo o delu in zaklju\u010dni ra\u010dun Javnega zavoda Hi\u0161a za otroke za leto 2025<\/li>\n<\/ul>\n<p>Leto 2026:<\/p>\n<ul>\n<li><a href=\"https:\/\/www.hisa-za-otroke.si\/wp-content\/uploads\/2026\/03\/Program-dela-2026.pdf\">Program dela, finan\u010dni in kadrovski na\u010drt Javnega zavoda Hi\u0161a za otroke za leto 2026<\/a><\/li>\n<\/ul>\n<h3><span style=\"color: #003300; font-size: 28px;\"><strong>2.g Seznam vrst upravnih, sodnih ali zakonodajnih postopkov<\/strong><\/span><\/h3>\n<p>Javni zavod ne vodi zgoraj navedenih postopkov.<\/p>\n<p>&nbsp;<\/p>\n<h3><span style=\"color: #003300; font-size: 28px;\"><strong>2.h Seznam javnih evidenc, s katerimi organ upravlja<\/strong><\/span><\/h3>\n<p>Javni zavod ne vodi in upravlja javnih evidenc.<\/p>\n<p>&nbsp;<\/p>\n<h3><span style=\"color: #003300; font-size: 28px;\"><strong>2.i Seznam drugih informatiziranih zbirk podatkov<\/strong><\/span><\/h3>\n<p><strong>Javno dostopne:\u00a0<\/strong>Javni zavod ne vodi in upravlja nobenih javno dostopnih informatiziranih zbirk podatkov.<\/p>\n<p>&nbsp;<\/p>\n<p><u>Nazivi iz zbirke: <\/u><\/p>\n<ul>\n<li>Evidence iz delovnopravnega podro\u010dja (Evidenca o stro\u0161kih dela; Evidenca o izrabi delovnega \u010dasa, evidenca dopusta in evidenca prenosa dopusta; Evidenca zadev; Zapisniki sej Sveta Hi\u0161e za otroke; Zapisniki sej Strokovnega sveta Hi\u0161e za otroke; Evidenca o usposabljanju odgovornih oseb za ga\u0161enje za\u010detnih po\u017earov in izvajanje evakuacije; Teoreti\u010dno in prakti\u010dno usposabljanje iz varnosti in zdravja pri delu; Evidenca zdravstvenih pregledov za zaposlene; Evidenca delovna uspe\u0161nost iz naslova pove\u010danega obsega dela; Evidenca o pregledu evidence prisotnosti za mesec; Evidenca poro\u010dil zaposlenih o delu na domu; Evidenca izvedenih kontrol resni\u010dnosti podatkov za stro\u0161ke prevoza na delo in z dela; Evidenca prevzema mobilnega telefona)<\/li>\n<li>Zbirka podatkov udele\u017eencev celostne obravnave (Evidenca, povezana s pripravo na zasli\u0161anje; Evidenca krizne podpore in psihosocialne pomo\u010di)<\/li>\n<li>Zbirka podatkov udele\u017eencev usposabljanj<\/li>\n<\/ul>\n<p>&nbsp;<\/p>\n<p>&nbsp;<\/p>\n<h2><span style=\"color: #003300; font-size: 32px;\"><strong> 3. Opis na\u010dina dostopa do drugih informacij javnega zna\u010daja<\/strong><\/span><\/h2>\n<p>Javi zavod je pri posredovanju podatkov vezan na dolo\u010dbe Zakona o dostopu do informacij javnega zna\u010daja in Uredbe o posredovanju in ponovni uporabi informacij javnega zna\u010daja.<\/p>\n<p>Prosilec lahko zahteva dostop do informacije javnega zna\u010daja ali njihovo ponovno uporabo s pisno zahtevo \u00a0po elektronski po\u0161ti, po po\u0161ti na naslov javnega zavoda ali pisno zahtevo, ki se vlo\u017ei na sede\u017eu javnega zavoda. Prosilec lahko zahteva \u00a0dostop do informacije javnega zna\u010daja ali njihovo ponovno uporabo tudi z neformalno zahtevo, in sicer ustno po telefonu ali ustno na sede\u017eu javnega zavoda.<\/p>\n<p>Dostop do informacij je na voljo na spletnem mestu\u00a0<a href=\"https:\/\/www.hisa-za-otroke.si\/en\/\">https:\/\/www.hisa-za-otroke.si<\/a> ter po predhodni najavi na sede\u017eu zavoda Zalo\u0161ka cesta 59, 1000 Ljubljana.<\/p>\n<p><u>Podrobnosti v zvezi z Zahtevami za dostop do informacij javnega zna\u010daja so objavljene na spletni strani Informacijskega poobla\u0161\u010denca:<\/u> <a href=\"https:\/\/www.ip-rs.si\/informacije-javnega-zna%C4%8Daja\/ijz-pri-organih\/kako-napisati-zahtevo\" target=\"_blank\" rel=\"noopener\">https:\/\/www.ip-rs.si\/informacije-javnega-zna%C4%8Daja\/ijz-pri-organih\/kako-napisati-zahtevo<\/a><\/p>\n<p><u>Podrobnosti v zvezi z zahtevo za Ponovno uporabo informacij javnega zna\u010daja so objavljene na spletni strani Informacijskega poobla\u0161\u010denca:<\/u> <a href=\"https:\/\/www.ip-rs.si\/informacije-javnega-zna%C4%8Daja\/ponovna-uporaba\/\" target=\"_blank\" rel=\"noopener\">https:\/\/www.ip-rs.si\/informacije-javnega-zna%C4%8Daja\/ponovna-uporaba\/<\/a><\/p>\n<p><u>Delni dostop do informacij javnega zna\u010daja<\/u>\u00a0se zagotovi v skladu z 19. \u010dlenom Uredbe o posredovanju in ponovni uporabi informacij javnega zna\u010daja.<\/p>\n<p>Zoper odlo\u010dbo, s katero je javni zavod odlo\u010dil o zahtevi za dostop ali ponovno uporabo, ter zoper sklep, s katerim je javni zavod zahtevo zavrgel, ima prosilec pravico do prito\u017ebe v skladu s 27. \u010dlenom Zakona o dostopu do informacij javnega zna\u010daja. O prito\u017ebi odlo\u010da Informacijski poobla\u0161\u010denec.<\/p>\n<p>\u010ce bi bila dostop do informacij javnega zna\u010daja ali zahteva za ponovno uporabo povezana tudi z ve\u010djimi materialnimi stro\u0161ki, si javni zavod pridr\u017euje pravico, da le-te zara\u010duna skladno z Uredbo o posredovanju in ponovni uporabi informacij javnega zna\u010daja.<\/p>\n<p><u>Enotni cenik materialnih stro\u0161kov za posredovanje informacij javnega zna\u010daja dolo\u010da Uredba o posredovanju in ponovni uporabi informacij javnega zna\u010daja <\/u><\/p>\n<p><a href=\"https:\/\/pisrs.si\/pregledPredpisa?id=URED6941\" target=\"_blank\" rel=\"noopener\">https:\/\/pisrs.si\/pregledPredpisa?id=URED6941<\/a><\/p>\n<p><u>Cene materialnih stro\u0161kov za posredovanje informacij javnega zna\u010daja so (brez DDV):<\/u><\/p>\n<ul>\n<li>ena stran fotokopije ali tiskanega formata A4 0,06 EUR,<\/li>\n<li>ena stran fotokopije ali tiskanega formata A3 0,13 EUR,<\/li>\n<li>ena stran fotokopije ali tiskanega ve\u010djega formata 1,25 EUR,<\/li>\n<li>ena stran barvne fotokopije ali tiskanega formata A4 0,63 EUR,<\/li>\n<li>ena stran barvne fotokopije ali tiskanega formata A3 1,25 EUR,<\/li>\n<li>ena stran barvne fotokopije ali tiskanega ve\u010djega formata 2,50 EUR,<\/li>\n<li>elektronski zapis na eni zgo\u0161\u010denki CD 2,09 EUR,<\/li>\n<li>elektronski zapis na eni zgo\u0161\u010denki DVD-R 2,92 EUR,<\/li>\n<li>elektronski zapis na enem USB-klju\u010dku, cena, po kateri je USB-klju\u010dek organ nabavil,<\/li>\n<li>pretvorba ene strani dokumenta formata A4 iz fizi\u010dne v elektronsko obliko 0,08 EUR,<\/li>\n<li>pretvorba ene strani dokumenta formata A3 iz fizi\u010dne v elektronsko obliko 0,20 EUR,<\/li>\n<li>po\u0161tnina za po\u0161iljanje informacij po po\u0161ti skladno z veljavnim cenikom za po\u0161tne storitve.<\/li>\n<\/ul>\n<p>&nbsp;<\/p>\n<h2><span style=\"color: #003300; font-size: 32px;\"><strong> 4. Seznam najpogosteje zahtevanih informacij javnega zna\u010daja<\/strong><\/span><\/h2>\n<p>Glede na naravo dela Javni zavod Hi\u0161a za otroke \u0161e ni prejel nobene zahteve za posredovanje informacij javnega zna\u010daja.<\/p>","protected":false},"excerpt":{"rendered":"<p>1. Osnovni podatki o katalogu Naziv javnega zavoda: Javni zavod Hi\u0161a za otroke, Zalo\u0161ka cesta 59, 1000 Ljubljana Kraj\u0161e ime: Hi\u0161a za otroke Ustanovitelj: Republika Slovenija Pravnoorganizacijska oblika: Javni zavod Telefon: 01 555 01 80 Elektronski naslov: gp@hisa-za-otroke.si Spletni naslov: https:\/\/www.hisa-za-otroke.si\/ Mati\u010dna \u0161tevilka: 9022635000 Identifikacijska \u0161tevilka: SI20581904 \u0160tevilka prora\u010dunskega uporabnika: 19542 Odgovorna uradna oseba: Ana [&hellip;]<\/p>\n","protected":false},"author":1,"featured_media":0,"parent":0,"menu_order":0,"comment_status":"closed","ping_status":"closed","template":"","meta":{"inline_featured_image":false,"footnotes":""},"class_list":["post-2494","page","type-page","status-publish","czr-hentry"],"_links":{"self":[{"href":"https:\/\/www.hisa-za-otroke.si\/en\/wp-json\/wp\/v2\/pages\/2494","targetHints":{"allow":["GET"]}}],"collection":[{"href":"https:\/\/www.hisa-za-otroke.si\/en\/wp-json\/wp\/v2\/pages"}],"about":[{"href":"https:\/\/www.hisa-za-otroke.si\/en\/wp-json\/wp\/v2\/types\/page"}],"author":[{"embeddable":true,"href":"https:\/\/www.hisa-za-otroke.si\/en\/wp-json\/wp\/v2\/users\/1"}],"replies":[{"embeddable":true,"href":"https:\/\/www.hisa-za-otroke.si\/en\/wp-json\/wp\/v2\/comments?post=2494"}],"version-history":[{"count":39,"href":"https:\/\/www.hisa-za-otroke.si\/en\/wp-json\/wp\/v2\/pages\/2494\/revisions"}],"predecessor-version":[{"id":2678,"href":"https:\/\/www.hisa-za-otroke.si\/en\/wp-json\/wp\/v2\/pages\/2494\/revisions\/2678"}],"wp:attachment":[{"href":"https:\/\/www.hisa-za-otroke.si\/en\/wp-json\/wp\/v2\/media?parent=2494"}],"curies":[{"name":"wp","href":"https:\/\/api.w.org\/{rel}","templated":true}]}}